{"id":118,"date":"2020-11-23T10:50:34","date_gmt":"2020-11-23T09:50:34","guid":{"rendered":"https:\/\/im.fastpress.dev\/startseite\/"},"modified":"2026-04-15T17:36:49","modified_gmt":"2026-04-15T15:36:49","slug":"startseite","status":"publish","type":"page","link":"https:\/\/www.icom-medical.de\/fr\/","title":{"rendered":"Collyre \u00e0 base d&rsquo;cide hyaluronique | Comfort Shield"},"content":{"rendered":"\t\t<div data-elementor-type=\"wp-page\" data-elementor-id=\"118\" class=\"elementor elementor-118 elementor-2\" data-elementor-settings=\"{&quot;element_pack_global_tooltip_width&quot;:{&quot;unit&quot;:&quot;px&quot;,&quot;size&quot;:&quot;&quot;,&quot;sizes&quot;:[]},&quot;element_pack_global_tooltip_width_tablet&quot;:{&quot;unit&quot;:&quot;px&quot;,&quot;size&quot;:&quot;&quot;,&quot;sizes&quot;:[]},&quot;element_pack_global_tooltip_width_mobile&quot;:{&quot;unit&quot;:&quot;px&quot;,&quot;size&quot;:&quot;&quot;,&quot;sizes&quot;:[]},&quot;element_pack_global_tooltip_padding&quot;:{&quot;unit&quot;:&quot;px&quot;,&quot;top&quot;:&quot;&quot;,&quot;right&quot;:&quot;&quot;,&quot;bottom&quot;:&quot;&quot;,&quot;left&quot;:&quot;&quot;,&quot;isLinked&quot;:true},&quot;element_pack_global_tooltip_padding_tablet&quot;:{&quot;unit&quot;:&quot;px&quot;,&quot;top&quot;:&quot;&quot;,&quot;right&quot;:&quot;&quot;,&quot;bottom&quot;:&quot;&quot;,&quot;left&quot;:&quot;&quot;,&quot;isLinked&quot;:true},&quot;element_pack_global_tooltip_padding_mobile&quot;:{&quot;unit&quot;:&quot;px&quot;,&quot;top&quot;:&quot;&quot;,&quot;right&quot;:&quot;&quot;,&quot;bottom&quot;:&quot;&quot;,&quot;left&quot;:&quot;&quot;,&quot;isLinked&quot;:true},&quot;element_pack_global_tooltip_border_radius&quot;:{&quot;unit&quot;:&quot;px&quot;,&quot;top&quot;:&quot;&quot;,&quot;right&quot;:&quot;&quot;,&quot;bottom&quot;:&quot;&quot;,&quot;left&quot;:&quot;&quot;,&quot;isLinked&quot;:true},&quot;element_pack_global_tooltip_border_radius_tablet&quot;:{&quot;unit&quot;:&quot;px&quot;,&quot;top&quot;:&quot;&quot;,&quot;right&quot;:&quot;&quot;,&quot;bottom&quot;:&quot;&quot;,&quot;left&quot;:&quot;&quot;,&quot;isLinked&quot;:true},&quot;element_pack_global_tooltip_border_radius_mobile&quot;:{&quot;unit&quot;:&quot;px&quot;,&quot;top&quot;:&quot;&quot;,&quot;right&quot;:&quot;&quot;,&quot;bottom&quot;:&quot;&quot;,&quot;left&quot;:&quot;&quot;,&quot;isLinked&quot;:true}}\" data-elementor-post-type=\"page\">\n\t\t\t\t\t\t<section class=\"elementor-section elementor-top-section elementor-element elementor-element-69cf79b9 elementor-section-items-top elementor-section-height-min-height elementor-section-boxed elementor-section-height-default\" data-id=\"69cf79b9\" data-element_type=\"section\" data-e-type=\"section\" data-settings=\"{&quot;background_background&quot;:&quot;classic&quot;}\">\n\t\t\t\t\t\t<div class=\"elementor-container elementor-column-gap-default\">\n\t\t\t\t\t<div class=\"elementor-column elementor-col-100 elementor-top-column elementor-element elementor-element-71f09e24\" data-id=\"71f09e24\" data-element_type=\"column\" data-e-type=\"column\">\n\t\t\t<div class=\"elementor-widget-wrap elementor-element-populated\">\n\t\t\t\t\t\t<div class=\"elementor-element elementor-element-04989db elementor-widget elementor-widget-spacer\" data-id=\"04989db\" data-element_type=\"widget\" data-e-type=\"widget\" data-widget_type=\"spacer.default\">\n\t\t\t\t<div class=\"elementor-widget-container\">\n\t\t\t\t\t\t\t<div class=\"elementor-spacer\">\n\t\t\t<div class=\"elementor-spacer-inner\"><\/div>\n\t\t<\/div>\n\t\t\t\t\t\t<\/div>\n\t\t\t\t<\/div>\n\t\t\t\t<section class=\"elementor-section elementor-inner-section elementor-element elementor-element-ab3c188 elementor-section-boxed elementor-section-height-default elementor-section-height-default\" data-id=\"ab3c188\" data-element_type=\"section\" data-e-type=\"section\">\n\t\t\t\t\t\t<div class=\"elementor-container elementor-column-gap-default\">\n\t\t\t\t\t<div class=\"elementor-column elementor-col-50 elementor-inner-column elementor-element elementor-element-2923f2e\" data-id=\"2923f2e\" data-element_type=\"column\" data-e-type=\"column\">\n\t\t\t<div class=\"elementor-widget-wrap elementor-element-populated\">\n\t\t\t\t\t\t<div class=\"elementor-element elementor-element-95c29ab elementor-widget elementor-widget-wb-news-ticker\" data-id=\"95c29ab\" data-element_type=\"widget\" data-e-type=\"widget\" data-widget_type=\"wb-news-ticker.default\">\n\t\t\t\t<div class=\"elementor-widget-container\">\n\t\t\t\t\t<div data-template-style=\"default\" class=\"wbel-nt-wrapper\">\t<div class=\"wb-breaking-news-ticker-wrapper\">\r\n\t\t<div\r\n\t\t\tclass=\"wb-breaking-news-ticker breaking-news-ticker\"\r\n\t\t\tid=\"wb_news_ticker95c29ab\"\r\n\t\t>\r\n\t\t\t\t<div class=\"wbnt-el-label bn-label\">\u00e9v\u00e8nements \u00e0 venir:<\/div>\r\n\t\t\t<div class=\"wbnt-el-container bn-news\">\r\n\r\n\t\t\t\t<ul class=\"wbnt-news-ticker-list\">\r\n\t\t\t\t\t\t\t\t\t\t\t\t\t<li class=\"wbnt-news-ticker-list-item\">\r\n\t\t\t\t\t\t\t\t\t<a href=\"\"  >\r\n\t\t\t\t\t\t\t\t\t\tDu 18 au 20 juin 2026, nous serons pr\u00e9sents au Congr\u00e8s DOC \u00e0 Nuremberg, Stand J6 (Hall 7A). Pour prendre rendez-vous, veuillez contacter info@icom-medical.de.\t\t\t\t\t\t\t\t\t<\/a>\r\n\t\t\t\t\t\t\t\t<\/li>\r\n\t\t\t\t\t\t\t\t\t<\/ul>\r\n\t\t\t<\/div>\r\n\t\t\t<div class=\"wbel-nt-controls bn-controls\">\r\n\t\t\t\t<button><span class=\"bn-arrow bn-prev\"><\/span><\/button>\r\n\t\t\t\t<button><span class=\"bn-action\"><\/span><\/button>\r\n\t\t\t\t<button><span class=\"bn-arrow bn-next\"><\/span><\/button>\r\n\t\t\t<\/div>\r\n\t\t<\/div>\r\n\t<\/div><\/div>\t\t\t\t<\/div>\n\t\t\t\t<\/div>\n\t\t\t\t\t<\/div>\n\t\t<\/div>\n\t\t\t\t<div class=\"elementor-column elementor-col-50 elementor-inner-column elementor-element elementor-element-331604c\" data-id=\"331604c\" data-element_type=\"column\" data-e-type=\"column\">\n\t\t\t<div class=\"elementor-widget-wrap\">\n\t\t\t\t\t\t\t<\/div>\n\t\t<\/div>\n\t\t\t\t\t<\/div>\n\t\t<\/section>\n\t\t\t\t<div class=\"elementor-element elementor-element-7eed170 elementor-widget elementor-widget-spacer\" data-id=\"7eed170\" data-element_type=\"widget\" data-e-type=\"widget\" data-widget_type=\"spacer.default\">\n\t\t\t\t<div class=\"elementor-widget-container\">\n\t\t\t\t\t\t\t<div class=\"elementor-spacer\">\n\t\t\t<div class=\"elementor-spacer-inner\"><\/div>\n\t\t<\/div>\n\t\t\t\t\t\t<\/div>\n\t\t\t\t<\/div>\n\t\t\t\t<section class=\"elementor-section elementor-inner-section elementor-element elementor-element-2696c1f elementor-section-boxed elementor-section-height-default elementor-section-height-default\" data-id=\"2696c1f\" data-element_type=\"section\" data-e-type=\"section\">\n\t\t\t\t\t\t<div class=\"elementor-container elementor-column-gap-default\">\n\t\t\t\t\t<div class=\"elementor-column elementor-col-100 elementor-inner-column elementor-element elementor-element-b19cf5f\" data-id=\"b19cf5f\" data-element_type=\"column\" data-e-type=\"column\">\n\t\t\t<div class=\"elementor-widget-wrap elementor-element-populated\">\n\t\t\t\t\t\t<div class=\"elementor-element elementor-element-4da36ed elementor-widget elementor-widget-heading\" data-id=\"4da36ed\" data-element_type=\"widget\" data-e-type=\"widget\" data-widget_type=\"heading.default\">\n\t\t\t\t<div class=\"elementor-widget-container\">\n\t\t\t\t\t<h2 class=\"elementor-heading-title elementor-size-default\">Comfort Shield<sup>\u00ae<sup><\/h2>\t\t\t\t<\/div>\n\t\t\t\t<\/div>\n\t\t\t\t<div class=\"elementor-element elementor-element-9fa6750 elementor-widget elementor-widget-heading\" data-id=\"9fa6750\" data-element_type=\"widget\" data-e-type=\"widget\" data-widget_type=\"heading.default\">\n\t\t\t\t<div class=\"elementor-widget-container\">\n\t\t\t\t\t<h2 class=\"elementor-heading-title elementor-size-default\">LA solution aux<br>probl\u00e8mes oculaires.<\/h2>\t\t\t\t<\/div>\n\t\t\t\t<\/div>\n\t\t\t\t\t<\/div>\n\t\t<\/div>\n\t\t\t\t\t<\/div>\n\t\t<\/section>\n\t\t\t\t<div class=\"elementor-element elementor-element-c51b3fd elementor-widget elementor-widget-spacer\" data-id=\"c51b3fd\" data-element_type=\"widget\" data-e-type=\"widget\" data-widget_type=\"spacer.default\">\n\t\t\t\t<div class=\"elementor-widget-container\">\n\t\t\t\t\t\t\t<div class=\"elementor-spacer\">\n\t\t\t<div class=\"elementor-spacer-inner\"><\/div>\n\t\t<\/div>\n\t\t\t\t\t\t<\/div>\n\t\t\t\t<\/div>\n\t\t\t\t<div class=\"elementor-element elementor-element-e661fb2 elementor-hidden-mobile elementor-widget elementor-widget-html\" data-id=\"e661fb2\" data-element_type=\"widget\" data-e-type=\"widget\" data-widget_type=\"html.default\">\n\t\t\t\t<div class=\"elementor-widget-container\">\n\t\t\t\t\t<div class=\"runde-punkte-neu\">En cas\r\nde s\u00e9cheresse<br>oculair<\/div>\r\n<div class=\"runde-punkte-neu\">En cas<br>\r\nd\u00b4inflammation<br>\r\nde l'\u0153il<\/div>\r\n<div class=\"runde-punkte-neu\">Sans<br>\r\nconservatuer<\/div>\r\n<div class=\"runde-punkte-neu\">Contient<br>de l\u00b4Hylan A<\/div>\r\n<div class=\"rechteck-neu\">Hylan A avec le plus<br>longues chains mol\u00e9culaires<br>d'acide hyaluronique offre<br>une protection optimale<\/div>\r\n\t\t\t\t<\/div>\n\t\t\t\t<\/div>\n\t\t\t\t\t<\/div>\n\t\t<\/div>\n\t\t\t\t\t<\/div>\n\t\t<\/section>\n\t\t\t\t<section class=\"elementor-section elementor-top-section elementor-element elementor-element-fafb34e elementor-hidden-desktop elementor-hidden-tablet elementor-section-boxed elementor-section-height-default elementor-section-height-default\" data-id=\"fafb34e\" data-element_type=\"section\" data-e-type=\"section\">\n\t\t\t\t\t\t<div class=\"elementor-container elementor-column-gap-default\">\n\t\t\t\t\t<div class=\"elementor-column elementor-col-100 elementor-top-column elementor-element elementor-element-5b9c419\" data-id=\"5b9c419\" data-element_type=\"column\" data-e-type=\"column\">\n\t\t\t<div class=\"elementor-widget-wrap elementor-element-populated\">\n\t\t\t\t\t\t<div class=\"elementor-element elementor-element-ec13ee9 elementor-widget elementor-widget-spacer\" data-id=\"ec13ee9\" data-element_type=\"widget\" data-e-type=\"widget\" data-widget_type=\"spacer.default\">\n\t\t\t\t<div class=\"elementor-widget-container\">\n\t\t\t\t\t\t\t<div class=\"elementor-spacer\">\n\t\t\t<div class=\"elementor-spacer-inner\"><\/div>\n\t\t<\/div>\n\t\t\t\t\t\t<\/div>\n\t\t\t\t<\/div>\n\t\t\t\t<div class=\"elementor-element elementor-element-f8f64a9 elementor-widget elementor-widget-html\" data-id=\"f8f64a9\" data-element_type=\"widget\" data-e-type=\"widget\" data-widget_type=\"html.default\">\n\t\t\t\t<div class=\"elementor-widget-container\">\n\t\t\t\t\t<div class=\"runde-punkte-neu\">En cas\r\nde s\u00e9cheresse<br>oculair<\/div>\r\n<div class=\"runde-punkte-neu\">En cas<br>\r\nd\u00b4inflammation<br>\r\nde l'\u0153il<\/div>\r\n<div class=\"runde-punkte-neu\">Sans<br>\r\nconservatuer<\/div>\r\n<div class=\"runde-punkte-neu\">Contient<br>de l\u00b4Hylan A<\/div>\r\n<div class=\"rechteck-neu\">Hylan A avec le plus<br>longues chains mol\u00e9culaires<br>d'acide hyaluronique offre<br>une protection optimale<\/div>\r\n\t\t\t\t<\/div>\n\t\t\t\t<\/div>\n\t\t\t\t\t<\/div>\n\t\t<\/div>\n\t\t\t\t\t<\/div>\n\t\t<\/section>\n\t\t\t\t<\/div>\n\t\t","protected":false},"excerpt":{"rendered":"<p>\u00e9v\u00e8nements \u00e0 venir: Du 18 au 20 juin 2026, nous serons pr\u00e9sents au Congr\u00e8s DOC \u00e0 Nuremberg, Stand J6 (Hall 7A). Pour prendre rendez-vous, veuillez contacter info@icom-medical.de. Comfort Shield\u00ae LA solution auxprobl\u00e8mes oculaires. En cas de s\u00e9cheresseoculair En cas d\u00b4inflammation de l&rsquo;\u0153il Sans conservatuer Contientde l\u00b4Hylan A Hylan A avec le pluslongues chains mol\u00e9culairesd&rsquo;acide hyaluronique [&hellip;]<\/p>\n","protected":false},"author":1,"featured_media":0,"parent":0,"menu_order":0,"comment_status":"closed","ping_status":"closed","template":"elementor_header_footer","meta":{"footnotes":""},"class_list":["post-118","page","type-page","status-publish","hentry"],"_links":{"self":[{"href":"https:\/\/www.icom-medical.de\/fr\/wp-json\/wp\/v2\/pages\/118","targetHints":{"allow":["GET"]}}],"collection":[{"href":"https:\/\/www.icom-medical.de\/fr\/wp-json\/wp\/v2\/pages"}],"about":[{"href":"https:\/\/www.icom-medical.de\/fr\/wp-json\/wp\/v2\/types\/page"}],"author":[{"embeddable":true,"href":"https:\/\/www.icom-medical.de\/fr\/wp-json\/wp\/v2\/users\/1"}],"replies":[{"embeddable":true,"href":"https:\/\/www.icom-medical.de\/fr\/wp-json\/wp\/v2\/comments?post=118"}],"version-history":[{"count":160,"href":"https:\/\/www.icom-medical.de\/fr\/wp-json\/wp\/v2\/pages\/118\/revisions"}],"predecessor-version":[{"id":3729,"href":"https:\/\/www.icom-medical.de\/fr\/wp-json\/wp\/v2\/pages\/118\/revisions\/3729"}],"wp:attachment":[{"href":"https:\/\/www.icom-medical.de\/fr\/wp-json\/wp\/v2\/media?parent=118"}],"curies":[{"name":"wp","href":"https:\/\/api.w.org\/{rel}","templated":true}]}}