{"id":787,"date":"2020-11-27T15:09:07","date_gmt":"2020-11-27T14:09:07","guid":{"rendered":"https:\/\/im.fastpress.dev\/chirurgie-oculaire\/"},"modified":"2020-11-27T15:09:08","modified_gmt":"2020-11-27T14:09:08","slug":"chirurgie-oculaire","status":"publish","type":"page","link":"https:\/\/www.icom-medical.de\/fr\/information\/chirurgie-oculaire\/","title":{"rendered":"Chirurgie oculaire"},"content":{"rendered":"\t\t<div data-elementor-type=\"wp-page\" data-elementor-id=\"787\" class=\"elementor elementor-787 elementor-29\" data-elementor-settings=\"{&quot;element_pack_global_tooltip_width&quot;:{&quot;unit&quot;:&quot;px&quot;,&quot;size&quot;:&quot;&quot;,&quot;sizes&quot;:[]},&quot;element_pack_global_tooltip_width_tablet&quot;:{&quot;unit&quot;:&quot;px&quot;,&quot;size&quot;:&quot;&quot;,&quot;sizes&quot;:[]},&quot;element_pack_global_tooltip_width_mobile&quot;:{&quot;unit&quot;:&quot;px&quot;,&quot;size&quot;:&quot;&quot;,&quot;sizes&quot;:[]},&quot;element_pack_global_tooltip_padding&quot;:{&quot;unit&quot;:&quot;px&quot;,&quot;top&quot;:&quot;&quot;,&quot;right&quot;:&quot;&quot;,&quot;bottom&quot;:&quot;&quot;,&quot;left&quot;:&quot;&quot;,&quot;isLinked&quot;:true},&quot;element_pack_global_tooltip_padding_tablet&quot;:{&quot;unit&quot;:&quot;px&quot;,&quot;top&quot;:&quot;&quot;,&quot;right&quot;:&quot;&quot;,&quot;bottom&quot;:&quot;&quot;,&quot;left&quot;:&quot;&quot;,&quot;isLinked&quot;:true},&quot;element_pack_global_tooltip_padding_mobile&quot;:{&quot;unit&quot;:&quot;px&quot;,&quot;top&quot;:&quot;&quot;,&quot;right&quot;:&quot;&quot;,&quot;bottom&quot;:&quot;&quot;,&quot;left&quot;:&quot;&quot;,&quot;isLinked&quot;:true},&quot;element_pack_global_tooltip_border_radius&quot;:{&quot;unit&quot;:&quot;px&quot;,&quot;top&quot;:&quot;&quot;,&quot;right&quot;:&quot;&quot;,&quot;bottom&quot;:&quot;&quot;,&quot;left&quot;:&quot;&quot;,&quot;isLinked&quot;:true},&quot;element_pack_global_tooltip_border_radius_tablet&quot;:{&quot;unit&quot;:&quot;px&quot;,&quot;top&quot;:&quot;&quot;,&quot;right&quot;:&quot;&quot;,&quot;bottom&quot;:&quot;&quot;,&quot;left&quot;:&quot;&quot;,&quot;isLinked&quot;:true},&quot;element_pack_global_tooltip_border_radius_mobile&quot;:{&quot;unit&quot;:&quot;px&quot;,&quot;top&quot;:&quot;&quot;,&quot;right&quot;:&quot;&quot;,&quot;bottom&quot;:&quot;&quot;,&quot;left&quot;:&quot;&quot;,&quot;isLinked&quot;:true}}\" data-elementor-post-type=\"page\">\n\t\t\t\t\t\t<section class=\"elementor-section elementor-top-section elementor-element elementor-element-aacfd4b elementor-section-content-middle elementor-section-boxed elementor-section-height-default elementor-section-height-default\" data-id=\"aacfd4b\" data-element_type=\"section\" data-e-type=\"section\">\n\t\t\t\t\t\t<div class=\"elementor-container elementor-column-gap-default\">\n\t\t\t\t\t<div class=\"elementor-column elementor-col-50 elementor-top-column elementor-element elementor-element-2bb9545\" data-id=\"2bb9545\" data-element_type=\"column\" data-e-type=\"column\">\n\t\t\t<div class=\"elementor-widget-wrap elementor-element-populated\">\n\t\t\t\t\t\t<div class=\"elementor-element elementor-element-2538f94 elementor-widget elementor-widget-heading\" data-id=\"2538f94\" data-element_type=\"widget\" data-e-type=\"widget\" data-widget_type=\"heading.default\">\n\t\t\t\t<div class=\"elementor-widget-container\">\n\t\t\t\t\t<h2 class=\"elementor-heading-title elementor-size-default\">\u0152il sec apr\u00e8s op\u00e9ration<\/h2>\t\t\t\t<\/div>\n\t\t\t\t<\/div>\n\t\t\t\t<div class=\"elementor-element elementor-element-74e77cf elementor-widget elementor-widget-text-editor\" data-id=\"74e77cf\" data-element_type=\"widget\" data-e-type=\"widget\" data-widget_type=\"text-editor.default\">\n\t\t\t\t<div class=\"elementor-widget-container\">\n\t\t\t\t\t\t\t\t\t<p>La corn\u00e9e est le tissu le plus innerv\u00e9 du corps. Lors d\u00b4une op\u00e9ration de l&rsquo;\u0153il, comme la cataracte ou vision d\u00e9ficiente (am\u00e9tropie), les nerfs les plus fins sont sectionn\u00e9s. Dans la plupart des cas, cela se traduit par des sympt\u00f4mes temporaires de s\u00e9cheresse oculaire tels que br\u00fblures, picotements, sensibilit\u00e9 \u00e0 la lumi\u00e8re.<\/p>\n<p>En concertation avec votre ophtalmologue, Comfort Shield<sup><small>\u00ae<\/small><\/sup>\u00a0peut stabiliser la surface oculaire avant op\u00e9ration, acc\u00e9l\u00e9rer la cicatrisation apr\u00e8s op\u00e9ration et soulager les sympt\u00f4mes pendant cette phase. Si l&rsquo;\u0153il sec reste une cons\u00e9quence tardive d&rsquo;une op\u00e9ration, Comfort Shield<sup><small>\u00ae<\/small><\/sup>\u00a0peut \u00e9galement \u00eatre utilis\u00e9 sur le long terme. Dans certains cas, cela conduit \u00e0 une gu\u00e9rison compl\u00e8te sur plusieurs semaines.<\/p>\n\t\t\t\t\t\t\t\t<\/div>\n\t\t\t\t<\/div>\n\t\t\t\t\t<\/div>\n\t\t<\/div>\n\t\t\t\t<div class=\"elementor-column elementor-col-50 elementor-top-column elementor-element elementor-element-33003ec\" data-id=\"33003ec\" data-element_type=\"column\" data-e-type=\"column\">\n\t\t\t<div class=\"elementor-widget-wrap elementor-element-populated\">\n\t\t\t\t\t\t<div class=\"elementor-element elementor-element-1f0710b elementor-widget elementor-widget-image\" data-id=\"1f0710b\" data-element_type=\"widget\" data-e-type=\"widget\" data-widget_type=\"image.default\">\n\t\t\t\t<div class=\"elementor-widget-container\">\n\t\t\t\t\t\t\t\t\t\t\t\t\t\t\t<img loading=\"lazy\" decoding=\"async\" width=\"800\" height=\"600\" src=\"https:\/\/www.icom-medical.de\/wp-content\/uploads\/2020\/11\/auge-operation.jpeg\" class=\"attachment-large size-large wp-image-351\" alt=\"auge operation\" srcset=\"https:\/\/www.icom-medical.de\/wp-content\/uploads\/2020\/11\/auge-operation.jpeg 800w, https:\/\/www.icom-medical.de\/wp-content\/uploads\/2020\/11\/auge-operation-300x225.jpeg 300w, https:\/\/www.icom-medical.de\/wp-content\/uploads\/2020\/11\/auge-operation-768x576.jpeg 768w\" sizes=\"auto, (max-width: 800px) 100vw, 800px\" title=\"\">\t\t\t\t\t\t\t\t\t\t\t\t\t\t\t<\/div>\n\t\t\t\t<\/div>\n\t\t\t\t\t<\/div>\n\t\t<\/div>\n\t\t\t\t\t<\/div>\n\t\t<\/section>\n\t\t\t\t<section class=\"elementor-section elementor-top-section elementor-element elementor-element-ad75bba elementor-section-boxed elementor-section-height-default elementor-section-height-default\" data-id=\"ad75bba\" data-element_type=\"section\" data-e-type=\"section\" data-settings=\"{&quot;background_background&quot;:&quot;classic&quot;}\">\n\t\t\t\t\t\t<div class=\"elementor-container elementor-column-gap-default\">\n\t\t\t\t\t<div class=\"elementor-column elementor-col-100 elementor-top-column elementor-element elementor-element-bf8aace\" data-id=\"bf8aace\" data-element_type=\"column\" data-e-type=\"column\">\n\t\t\t<div class=\"elementor-widget-wrap elementor-element-populated\">\n\t\t\t\t\t\t<div class=\"elementor-element elementor-element-54f76a8 elementor-widget elementor-widget-template\" data-id=\"54f76a8\" data-element_type=\"widget\" data-e-type=\"widget\" data-widget_type=\"template.default\">\n\t\t\t\t<div class=\"elementor-widget-container\">\n\t\t\t\t\t\t\t<div class=\"elementor-template\">\n\t\t\t\t\t<div data-elementor-type=\"section\" data-elementor-id=\"1044\" class=\"elementor elementor-1044 elementor-268 elementor-268\" data-elementor-post-type=\"elementor_library\">\n\t\t\t\t\t<section class=\"elementor-section elementor-top-section elementor-element elementor-element-37b3107 elementor-section-boxed elementor-section-height-default elementor-section-height-default\" data-id=\"37b3107\" data-element_type=\"section\" data-e-type=\"section\">\n\t\t\t\t\t\t<div class=\"elementor-container elementor-column-gap-default\">\n\t\t\t\t\t<div class=\"elementor-column elementor-col-100 elementor-top-column elementor-element elementor-element-8b98e12\" data-id=\"8b98e12\" data-element_type=\"column\" data-e-type=\"column\">\n\t\t\t<div class=\"elementor-widget-wrap elementor-element-populated\">\n\t\t\t\t\t\t<div class=\"elementor-element elementor-element-58b6bad elementor-view-default elementor-widget elementor-widget-icon\" data-id=\"58b6bad\" data-element_type=\"widget\" data-e-type=\"widget\" data-widget_type=\"icon.default\">\n\t\t\t\t<div class=\"elementor-widget-container\">\n\t\t\t\t\t\t\t<div class=\"elementor-icon-wrapper\">\n\t\t\t<a class=\"elementor-icon\" href=\"https:\/\/www.icom-medical.de\/fr\/shop\/\">\n\t\t\t<svg xmlns=\"http:\/\/www.w3.org\/2000\/svg\" xmlns:xlink=\"http:\/\/www.w3.org\/1999\/xlink\" id=\"Ebene_1\" x=\"0px\" y=\"0px\" width=\"193.856px\" height=\"285.042px\" viewBox=\"0 0 193.856 285.042\" xml:space=\"preserve\"><g>\t<path fill=\"#009FE3\" d=\"M104.81,172.038c-0.785,0.447-1.179,1.165-1.179,2.155c0,0.698,0.208,1.257,0.626,1.674   c0.417,0.418,0.976,0.626,1.674,0.626c0.951,0,1.679-0.324,2.184-0.975s0.758-1.801,0.758-3.451v-0.698h-0.379   C106.823,171.369,105.596,171.592,104.81,172.038z\"><\/path>\t<path fill=\"#009FE3\" d=\"M54.892,206.977c-0.785,0.446-1.179,1.164-1.179,2.154c0,0.699,0.208,1.257,0.626,1.674   c0.417,0.418,0.976,0.626,1.674,0.626c0.951,0,1.679-0.325,2.184-0.976s0.758-1.8,0.758-3.449v-0.699h-0.379   C56.905,206.307,55.678,206.53,54.892,206.977z\"><\/path>\t<path fill=\"#009FE3\" d=\"M46.304,176.376c0.951,0,1.664-0.437,2.14-1.311c0.476-0.873,0.714-2.164,0.714-3.872   c0-1.688-0.238-2.97-0.714-3.844c-0.476-0.873-1.188-1.31-2.14-1.31c-0.932,0-1.646,0.433-2.14,1.296   c-0.495,0.863-0.743,2.149-0.743,3.857c0,1.688,0.243,2.975,0.729,3.857C44.634,175.935,45.353,176.376,46.304,176.376z\"><\/path>\t<path fill=\"#009FE3\" d=\"M136.589,166.127c-0.912,0-1.587,0.413-2.023,1.238c-0.437,0.824-0.655,2.063-0.655,3.711   c0,1.903,0.204,3.247,0.611,4.033c0.408,0.786,1.087,1.18,2.038,1.18c0.932,0,1.641-0.441,2.126-1.325   c0.484-0.884,0.728-2.149,0.728-3.8c0-1.631-0.238-2.877-0.713-3.741C138.224,166.56,137.521,166.127,136.589,166.127z\"><\/path>\t<path fill=\"#009FE3\" d=\"M104.344,200.862c-0.776,0-1.412,0.359-1.907,1.078s-0.742,1.688-0.742,2.911h5.183   C106.877,202.192,106.032,200.862,104.344,200.862z\"><\/path>\t<path fill=\"#009FE3\" d=\"M132.047,206.977c-0.785,0.446-1.179,1.164-1.179,2.154c0,0.699,0.208,1.257,0.626,1.674   c0.417,0.418,0.976,0.626,1.674,0.626c0.951,0,1.679-0.325,2.184-0.976s0.758-1.8,0.758-3.449v-0.699h-0.379   C134.061,206.307,132.833,206.53,132.047,206.977z\"><\/path>\t<path fill=\"#009FE3\" d=\"M152.078,165.924c-0.776,0-1.412,0.359-1.907,1.077s-0.742,1.688-0.742,2.911h5.183   C154.611,167.254,153.767,165.924,152.078,165.924z\"><\/path>\t<path fill=\"#009FE3\" d=\"M184.55,146.631L184.55,146.631c0.666-2.67-87.792-150.469-87.623-146.555   c3.216,73.964-35.924,87.163-66.201,117.25c-8.75,8.187-15.985,17.976-21.229,28.901c-0.211,0.427-0.427,0.847-0.634,1.28   c-0.039,0.081-0.063,0.161-0.076,0.24C3.147,160.039,0,173.708,0,188.116c0,53.531,43.396,96.926,96.927,96.926   c53.533,0,96.93-43.395,96.93-96.926C193.856,173.271,190.515,159.208,184.55,146.631z M146.706,167.336   c0.515-1.213,1.242-2.16,2.184-2.839s2.014-1.019,3.218-1.019c1.979,0,3.474,0.679,4.483,2.037   c1.009,1.359,1.514,3.377,1.514,6.057v0.611h-8.676c0,1.396,0.315,2.431,0.946,3.101c0.63,0.669,1.587,1.005,2.868,1.005   c1.61,0,2.921-0.389,3.93-1.165l0.175,2.853c-1.475,0.641-2.97,0.961-4.483,0.961c-2.174,0-3.872-0.674-5.096-2.023   c-1.223-1.349-1.834-3.178-1.834-5.488C145.935,169.913,146.191,168.549,146.706,167.336z M41.456,165.458   c1.174-1.319,2.79-1.979,4.848-1.979c2.077,0,3.692,0.659,4.848,1.979c1.154,1.32,1.732,3.232,1.732,5.736   c0,2.523-0.563,4.445-1.688,5.765c-1.126,1.32-2.757,1.979-4.892,1.979c-2.136,0-3.771-0.659-4.906-1.979   c-1.135-1.319-1.703-3.241-1.703-5.765C39.694,168.69,40.281,166.778,41.456,165.458z M24.743,174.047   c-0.747-1.572-1.121-3.406-1.121-5.503s0.374-3.931,1.121-5.503s1.815-2.79,3.203-3.654c1.388-0.863,3.022-1.295,4.905-1.295   c1.553,0,3.058,0.281,4.514,0.844l-0.204,3.349c-0.757-0.407-1.422-0.694-1.994-0.858c-0.573-0.166-1.189-0.248-1.849-0.248   c-1.786,0-3.188,0.641-4.208,1.922c-1.019,1.281-1.528,3.096-1.528,5.444c0,2.329,0.51,4.14,1.528,5.43   c1.02,1.292,2.422,1.937,4.208,1.937c1.591,0,2.872-0.35,3.843-1.049l0.204,3.407c-0.389,0.214-1.02,0.388-1.893,0.524   c-0.874,0.135-1.699,0.203-2.475,0.203c-1.941,0-3.616-0.432-5.022-1.295C26.567,176.837,25.49,175.62,24.743,174.047z    M47.948,213.644h-3.61v-9.579c0-1.785-0.641-2.678-1.922-2.678c-0.718,0-1.305,0.301-1.761,0.902s-0.685,1.329-0.685,2.184v9.171   h-3.61v-9.579c0-1.785-0.641-2.678-1.922-2.678c-0.718,0-1.306,0.301-1.761,0.902c-0.457,0.602-0.685,1.329-0.685,2.184v9.171   h-3.61v-12.753c0-0.775-0.039-1.523-0.116-2.241h3.61c0.077,1.028,0.116,1.815,0.116,2.358h0.059   c0.854-1.728,2.125-2.592,3.813-2.592c0.835,0,1.558,0.18,2.169,0.539c0.612,0.359,1.141,0.975,1.587,1.849   c0.544-0.815,1.15-1.417,1.82-1.806c0.669-0.388,1.401-0.582,2.198-0.582c1.455,0,2.537,0.486,3.246,1.456   c0.708,0.971,1.063,2.427,1.063,4.367V213.644z M59.274,213.644c-0.137-0.524-0.204-1.203-0.204-2.038h-0.059   c-0.582,0.815-1.203,1.397-1.863,1.747c-0.66,0.349-1.427,0.524-2.3,0.524c-1.301,0-2.378-0.412-3.232-1.238   c-0.854-0.824-1.28-1.887-1.28-3.188c0-1.689,0.606-2.95,1.819-3.785c1.213-0.834,3.285-1.262,6.216-1.281h0.583v-0.408   c0-1.998-0.932-2.998-2.796-2.998c-0.698,0-1.422,0.136-2.169,0.408c-0.747,0.271-1.393,0.621-1.936,1.047l-0.204-2.911   c0.815-0.388,1.602-0.669,2.358-0.845c0.757-0.174,1.553-0.262,2.388-0.262c2.057,0,3.527,0.451,4.41,1.354   c0.884,0.903,1.325,2.412,1.325,4.527v6.872c0,0.757,0.067,1.582,0.204,2.475H59.274z M69.639,213.644h-3.61V198.65h3.61V213.644z    M69.697,195.826h-3.727v-3.552h3.727V195.826z M69.682,166.448c-0.718,0-1.305,0.301-1.761,0.902   c-0.456,0.603-0.685,1.33-0.685,2.184v9.172h-3.61v-9.579c0-1.785-0.641-2.679-1.922-2.679c-0.718,0-1.306,0.301-1.761,0.902   c-0.457,0.603-0.685,1.33-0.685,2.184v9.172h-3.61v-12.752c0-0.777-0.039-1.523-0.116-2.242h3.61   c0.077,1.029,0.116,1.814,0.116,2.357h0.059c0.854-1.727,2.125-2.59,3.813-2.59c0.835,0,1.558,0.18,2.169,0.538   c0.612,0.359,1.141,0.976,1.587,1.849c0.544-0.815,1.15-1.416,1.82-1.805c0.669-0.389,1.401-0.582,2.198-0.582   c1.455,0,2.537,0.484,3.246,1.455c0.708,0.971,1.063,2.427,1.063,4.367v9.404h-3.61v-9.579   C71.604,167.341,70.963,166.448,69.682,166.448z M85.1,213.644h-3.61v-9.113c0-1.067-0.16-1.858-0.48-2.372   c-0.32-0.515-0.85-0.771-1.587-0.771c-0.835,0-1.47,0.305-1.907,0.916c-0.437,0.611-0.654,1.451-0.654,2.52v8.821h-3.61v-12.753   c0-0.873-0.039-1.62-0.117-2.241h3.378c0.077,0.913,0.116,1.679,0.116,2.3h0.059c0.484-0.854,1.053-1.489,1.703-1.906   c0.649-0.418,1.412-0.627,2.285-0.627c1.475,0,2.581,0.477,3.319,1.427c0.737,0.951,1.106,2.31,1.106,4.076V213.644z    M96.309,201.299H93.31v7.832c0,0.641,0.116,1.135,0.35,1.484c0.232,0.35,0.649,0.524,1.252,0.524c0.504,0,0.97-0.106,1.397-0.32   v2.562c-0.66,0.33-1.476,0.496-2.446,0.496c-2.775,0-4.163-1.428-4.163-4.28v-8.298h-2.388v-2.649h2.388v-3.087l3.61-1.105v4.192   h2.999V201.299z M97.866,178.706h-3.61v-9.579c0-1.785-0.641-2.679-1.922-2.679c-0.718,0-1.305,0.301-1.761,0.902   c-0.456,0.603-0.685,1.33-0.685,2.184v9.172h-3.61v-9.579c0-1.785-0.641-2.679-1.922-2.679c-0.718,0-1.306,0.301-1.761,0.902   c-0.457,0.603-0.685,1.33-0.685,2.184v9.172h-3.61v-12.752c0-0.777-0.039-1.523-0.116-2.242h3.61   c0.077,1.029,0.116,1.814,0.116,2.357h0.059c0.854-1.727,2.125-2.59,3.813-2.59c0.835,0,1.558,0.18,2.169,0.538   c0.612,0.359,1.141,0.976,1.587,1.849c0.544-0.815,1.15-1.416,1.82-1.805c0.669-0.389,1.401-0.582,2.198-0.582   c1.455,0,2.537,0.484,3.246,1.455c0.708,0.971,1.063,2.427,1.063,4.367V178.706z M110.37,207.122h-8.676   c0,1.398,0.315,2.432,0.946,3.102c0.63,0.67,1.587,1.004,2.868,1.004c1.61,0,2.921-0.388,3.93-1.164l0.175,2.854   c-1.475,0.641-2.97,0.961-4.483,0.961c-2.174,0-3.872-0.675-5.096-2.023c-1.223-1.35-1.834-3.179-1.834-5.488   c0-1.515,0.257-2.878,0.771-4.092c0.515-1.213,1.242-2.158,2.184-2.838s2.014-1.02,3.218-1.02c1.979,0,3.474,0.68,4.483,2.039   c1.009,1.357,1.514,3.377,1.514,6.055V207.122z M109.192,178.706c-0.137-0.523-0.204-1.203-0.204-2.038h-0.059   c-0.582,0.815-1.203,1.397-1.863,1.747s-1.427,0.523-2.3,0.523c-1.301,0-2.378-0.412-3.232-1.236   c-0.854-0.825-1.28-1.889-1.28-3.188c0-1.688,0.606-2.95,1.819-3.785s3.285-1.262,6.216-1.281h0.583v-0.407   c0-1.999-0.932-2.999-2.796-2.999c-0.698,0-1.422,0.136-2.169,0.407c-0.747,0.272-1.393,0.621-1.936,1.049l-0.204-2.912   c0.815-0.388,1.602-0.67,2.358-0.844c0.757-0.176,1.553-0.262,2.388-0.262c2.057,0,3.527,0.451,4.41,1.354   c0.884,0.902,1.325,2.412,1.325,4.527v6.871c0,0.757,0.067,1.582,0.204,2.475H109.192z M125.016,213.644h-3.61v-9.113   c0-1.067-0.16-1.858-0.48-2.372c-0.32-0.515-0.85-0.771-1.587-0.771c-0.835,0-1.47,0.305-1.907,0.916   c-0.437,0.611-0.654,1.451-0.654,2.52v8.821h-3.61v-12.753c0-0.873-0.039-1.62-0.117-2.241h3.378   c0.077,0.913,0.116,1.679,0.116,2.3h0.059c0.484-0.854,1.053-1.489,1.703-1.906c0.649-0.418,1.412-0.627,2.285-0.627   c1.475,0,2.581,0.477,3.319,1.427c0.737,0.951,1.106,2.31,1.106,4.076V213.644z M127.447,178.706h-3.61v-9.113   c0-1.066-0.16-1.858-0.48-2.373c-0.32-0.514-0.85-0.771-1.587-0.771c-0.835,0-1.47,0.307-1.907,0.918   c-0.437,0.611-0.654,1.451-0.654,2.518v8.822h-3.61v-12.752c0-0.874-0.039-1.621-0.117-2.242h3.378   c0.077,0.912,0.116,1.679,0.116,2.3h0.059c0.484-0.854,1.053-1.489,1.703-1.907c0.649-0.417,1.412-0.625,2.285-0.625   c1.475,0,2.581,0.475,3.319,1.426c0.737,0.951,1.106,2.311,1.106,4.076V178.706z M136.43,213.644   c-0.137-0.524-0.204-1.203-0.204-2.038h-0.059c-0.582,0.815-1.203,1.397-1.863,1.747c-0.66,0.349-1.427,0.524-2.3,0.524   c-1.301,0-2.378-0.412-3.232-1.238c-0.854-0.824-1.28-1.887-1.28-3.188c0-1.689,0.606-2.95,1.819-3.785   c1.213-0.834,3.285-1.262,6.216-1.281h0.583v-0.408c0-1.998-0.932-2.998-2.796-2.998c-0.698,0-1.422,0.136-2.169,0.408   c-0.747,0.271-1.393,0.621-1.936,1.047l-0.204-2.911c0.815-0.388,1.602-0.669,2.358-0.845c0.757-0.174,1.553-0.262,2.388-0.262   c2.057,0,3.527,0.451,4.41,1.354c0.884,0.903,1.325,2.412,1.325,4.527v6.872c0,0.757,0.067,1.582,0.204,2.475H136.43z    M139.646,176.376h-0.087c-0.776,1.708-2.106,2.562-3.988,2.562c-1.65,0-2.941-0.684-3.873-2.053   c-0.932-1.367-1.397-3.256-1.397-5.662c0-2.445,0.456-4.348,1.368-5.707c0.912-1.358,2.184-2.037,3.814-2.037   c0.912,0,1.698,0.208,2.358,0.625c0.659,0.418,1.165,1.005,1.514,1.762h0.059v-8.996h3.61v19.564c0,1.127,0.039,1.883,0.116,2.271   h-3.377C139.685,177.697,139.646,176.92,139.646,176.376z M154.685,213.644h-3.61v-9.113c0-1.067-0.16-1.858-0.48-2.372   c-0.32-0.515-0.85-0.771-1.587-0.771c-0.835,0-1.47,0.305-1.907,0.916c-0.437,0.611-0.654,1.451-0.654,2.52v8.821h-3.61v-12.753   c0-0.873-0.039-1.62-0.117-2.241h3.378c0.077,0.913,0.116,1.679,0.116,2.3h0.059c0.484-0.854,1.053-1.489,1.703-1.906   c0.649-0.418,1.412-0.627,2.285-0.627c1.475,0,2.581,0.477,3.319,1.427c0.737,0.951,1.106,2.31,1.106,4.076V213.644z    M165.894,201.299h-2.999v7.832c0,0.641,0.116,1.135,0.35,1.484c0.232,0.35,0.649,0.524,1.252,0.524c0.504,0,0.97-0.106,1.397-0.32   v2.562c-0.66,0.33-1.476,0.496-2.446,0.496c-2.775,0-4.163-1.428-4.163-4.28v-8.298h-2.388v-2.649h2.388v-3.087l3.61-1.105v4.192   h2.999V201.299z M170.305,178.706h-10.22v-3.115l6.405-9.143h-6.202v-2.736h9.813v3.086l-6.289,9.172h6.493V178.706z\"><\/path><\/g><\/svg>\t\t\t<\/a>\n\t\t<\/div>\n\t\t\t\t\t\t<\/div>\n\t\t\t\t<\/div>\n\t\t\t\t\t<\/div>\n\t\t<\/div>\n\t\t\t\t\t<\/div>\n\t\t<\/section>\n\t\t\t\t<\/div>\n\t\t\t\t<\/div>\n\t\t\t\t\t\t<\/div>\n\t\t\t\t<\/div>\n\t\t\t\t\t<\/div>\n\t\t<\/div>\n\t\t\t\t\t<\/div>\n\t\t<\/section>\n\t\t\t\t<\/div>\n\t\t","protected":false},"excerpt":{"rendered":"<p>\u0152il sec apr\u00e8s op\u00e9ration La corn\u00e9e est le tissu le plus innerv\u00e9 du corps. Lors d\u00b4une op\u00e9ration de l&rsquo;\u0153il, comme la cataracte ou vision d\u00e9ficiente (am\u00e9tropie), les nerfs les plus fins sont sectionn\u00e9s. Dans la plupart des cas, cela se traduit par des sympt\u00f4mes temporaires de s\u00e9cheresse oculaire tels que br\u00fblures, picotements, sensibilit\u00e9 \u00e0 la [&hellip;]<\/p>\n","protected":false},"author":1,"featured_media":0,"parent":811,"menu_order":0,"comment_status":"closed","ping_status":"closed","template":"elementor_header_footer","meta":{"footnotes":""},"class_list":["post-787","page","type-page","status-publish","hentry"],"_links":{"self":[{"href":"https:\/\/www.icom-medical.de\/fr\/wp-json\/wp\/v2\/pages\/787","targetHints":{"allow":["GET"]}}],"collection":[{"href":"https:\/\/www.icom-medical.de\/fr\/wp-json\/wp\/v2\/pages"}],"about":[{"href":"https:\/\/www.icom-medical.de\/fr\/wp-json\/wp\/v2\/types\/page"}],"author":[{"embeddable":true,"href":"https:\/\/www.icom-medical.de\/fr\/wp-json\/wp\/v2\/users\/1"}],"replies":[{"embeddable":true,"href":"https:\/\/www.icom-medical.de\/fr\/wp-json\/wp\/v2\/comments?post=787"}],"version-history":[{"count":1,"href":"https:\/\/www.icom-medical.de\/fr\/wp-json\/wp\/v2\/pages\/787\/revisions"}],"predecessor-version":[{"id":788,"href":"https:\/\/www.icom-medical.de\/fr\/wp-json\/wp\/v2\/pages\/787\/revisions\/788"}],"up":[{"embeddable":true,"href":"https:\/\/www.icom-medical.de\/fr\/wp-json\/wp\/v2\/pages\/811"}],"wp:attachment":[{"href":"https:\/\/www.icom-medical.de\/fr\/wp-json\/wp\/v2\/media?parent=787"}],"curies":[{"name":"wp","href":"https:\/\/api.w.org\/{rel}","templated":true}]}}